{"id":76,"date":"2014-02-03T08:52:40","date_gmt":"2014-02-03T06:52:40","guid":{"rendered":"http:\/\/www.ojanpera.net\/?page_id=76"},"modified":"2020-11-17T09:55:47","modified_gmt":"2020-11-17T07:55:47","slug":"kopvillkor","status":"publish","type":"page","link":"https:\/\/www.ojanpera.net\/sv\/kopvillkor\/","title":{"rendered":"K\u00f6pvillkor"},"content":{"rendered":"<h3>Internetbest\u00e4llning<\/h3>\n<p>Att handla hos oss via internet \u00e4r snabbt och bekv\u00e4mt. Ni kan handla direkt hemmifr\u00e5n till ett konkurenskraftigt pris. Ni best\u00e4ller genom att klicka p\u00e5 &#8221;Best\u00e4ll&#8221; vid produkten, som d\u00e5 flyttas till din varukorg. I varukorgen ser ni era best\u00e4llda produkter. D\u00e4r kan ni \u00e4ven \u00e4ndra antalet p\u00e5 varje enskild best\u00e4lld produkt. Varukorgen visar \u00e4ven totalsumman av de best\u00e4llda produkterna. N\u00e4r ni \u00e4r n\u00f6jd med best\u00e4llningen, bekr\u00e4ftar ni denna genom att fylla i personuppgifterna noggrannt, samt genom att godk\u00e4nna n\u00e4mnda k\u00f6pvillkor. Genom att klicka p\u00e5 &#8221;Betala&#8221; skickar ni ordern till oss. Produkter skickar vi I v\u00e5ran butiken I Torne\u00e5.<\/p>\n<h3>Leverans<\/h3>\n<p>Produkterna skickas mot postf\u00f6rskott, i de flesta fall redan n\u00e4sta dag. Skulle en vara inte finnas p\u00e5 lager, dr\u00f6jer det 2-4 dagar extra f\u00f6r leverans. Vi f\u00f6rbeh\u00e5ller oss r\u00e4tten till f\u00f6rsening och slutf\u00f6rs\u00e4ljning. (inom Finland)<\/p>\n<h3>Leveransavgift<\/h3>\n<p>Vi levererar mot postf\u00f6rskott eller mot f\u00f6rskottsbetalning via busscentral. Priset avser ett paket\/f\u00f6rs\u00e4ndelse. I priset ing\u00e5r moms med 24 %, f\u00f6rskottsbetalning via busscentral\/postf\u00f6rskott samt emballage.\u00a0Vid leverans av produkter kontaktar vi er och kommer tillsammans \u00f6verens\u00a0om b\u00e4sta transports\u00e4tt.<\/p>\n<h3>Leveransavgift (utomlands Sverige)<\/h3>\n<p>Vi levererar via Bussgods. Du v\u00e4ljer Leveransavgift \u2013 Via Bussgods. S\u00e5 kan du betala produkter via Paytrail med Visa eller MasterCard. Och frakten betalar du till bussgod n\u00e4r du h\u00e4mtar paketen. Om ni vill vara s\u00e4kra p\u00e5 frakt kostnaden \u00e4r ni v\u00e4lkommna att maila oss p\u00e5 info(at)ojanpera.net<\/p>\n<h3>F\u00f6re montering<\/h3>\n<p>OBS! J\u00e4mf\u00f6r alltid den nya produkten med den gamla, innan ni b\u00f6rjar montera ner den gamla delen eller senast innan ni utf\u00f6r monteringen. Utf\u00f6r ej montering om m\u00e5tten p\u00e5 den nya delen avviker fr\u00e5n den gamla. Kontrollera att produktnumret \u00f6verensst\u00e4mmer med produktnumret p\u00e5 den best\u00e4llda produkten, och om ni \u00e4r os\u00e4kra \u00f6ver om produkten passar -kontakta oss. Om ni \u00e4r os\u00e4kra \u00f6ver hur produkten skall monteras, be om hj\u00e4lp eller f\u00f6r bilen till en verkstad. Observera att garantin inte g\u00e4ller om skador uppst\u00e5r vid felmontering.<\/p>\n<h3>Garanti<\/h3>\n<p>V\u00e5ra produkter omfattas av tillverkar-och\/eller import\u00f6rgarantier. Alla v\u00e5ra produkter omfattas dock av minst ett halv\u00e5rs garanti vad g\u00e4ller material-och tillverkningsfel.. Garantin g\u00e4ller ej f\u00f6r vanligt slitage, eller f\u00f6r fel som uppst\u00e5tt vid felmonteringar. Garantin g\u00e4ller ej heller vid felhantering eller vid kostnader som uppst\u00e5tt vid service hos utomst\u00e5ende verkst\u00e4der. Vid fel p\u00e5 produkten eller vid felanv\u00e4ndning av produkten st\u00e5r Autopalvelu Ojanper\u00e4 Oy ej f\u00f6r uppkomna f\u00f6rluster i n\u00e4ringsverksamheten. Vid grundl\u00f6sa garantifall debiteras kunden f\u00f6r omkostnaderna.<\/p>\n<p>Vid postf\u00f6rskott g\u00e4ller f\u00f6ljesedeln som garanti-spara denna. Ta alltid\u00a0kontakt med oss innan reparation av produkter som innefattas av garantin.\u00a0Garantin g\u00e4ller fr\u00e5n ink\u00f6psdagen. Skador som uppkommer vid leverans\u00a0ers\u00e4tts av avs\u00e4ndaren. Information om andra garantivillkor n\u00e4mns vid best\u00e4llning av produkten.<\/p>\n<h3>Fraktskador<\/h3>\n<p>G\u00f6r en skadeanm\u00e4lan direkt p\u00e5 plats om ni ser att paketet \u00e4r skadat. Uppt\u00e4cker ni skadan hemma anm\u00e4l det snarast.<\/p>\n<h3>Information om reservdelar<\/h3>\n<p>Reservdelstillverkaren informerar om delarnas kompabilitet. Vi st\u00e5r ej f\u00f6r eventuella fel, men f\u00f6rs\u00f6ker naturligtvis korrigera felen snarast.<\/p>\n<h3>Retur och reklamation<\/h3>\n<p>Autopalvelu Ojanper\u00e4 kan kontaktas om ni \u00e5ngrar ett k\u00f6p. Vid postf\u00f6rskott har ni 14 dagars retur- och bytesr\u00e4tt. \u00c5ngerr\u00e4tten omfattas ej av produkter som anv\u00e4nts och produkter som ej g\u00e5r att s\u00e4lja p.g.a dess skick.<\/p>\n<p>Produkten och instruktionerna skall l\u00e4mnas eller skickas till\u00a0Autopalvelu Ojanper\u00e4s butiker inom 14 dagar fr\u00e5n leveransdatum. Returnera produkten i originalf\u00f6rpackning och f\u00f6rpacka f\u00f6rs\u00e4ndelsen omsorgsfullt. Postf\u00f6rskottspaket l\u00f6ses ej ut. Vid retur m\u00e5ste kvitto\/f\u00f6ljesedel medf\u00f6lja. Produkten skall l\u00e4mnas\/skickas tillbaka i helt skick. Produkten skall vara i samma skick som vid mattagandet. Produkten f\u00e5r ej anv\u00e4ndas, dock kan ni unders\u00f6ka den f\u00f6rsiktigt. Blir produkten skadad eller f\u00f6rsvinner f\u00f6rlorar ni r\u00e4tten till retur. Avs\u00e4ndaren st\u00e5r alltid f\u00f6r ansvaret vid frakt.<\/p>\n<h3>Begr\u00e4nsning<\/h3>\n<p>Vi f\u00f6rbeh\u00e5ller oss r\u00e4tten att annullera en best\u00e4llning eller levernas p.g.a tryckfel, tekniska problem eller vid orimliga ordrar.<\/p>\n","protected":false},"excerpt":{"rendered":"<p>Internetbest\u00e4llning Att handla hos oss via internet \u00e4r snabbt och bekv\u00e4mt. Ni kan handla direkt hemmifr\u00e5n till ett konkurenskraftigt pris. Ni best\u00e4ller genom att klicka p\u00e5 &#8221;Best\u00e4ll&#8221; vid produkten, som d\u00e5 flyttas till din varukorg. I varukorgen ser ni era best\u00e4llda produkter. D\u00e4r kan ni \u00e4ven \u00e4ndra antalet p\u00e5 varje enskild best\u00e4lld produkt. Varukorgen visar [&hellip;]<\/p>\n","protected":false},"author":1,"featured_media":0,"parent":0,"menu_order":10,"comment_status":"open","ping_status":"open","template":"","meta":[],"acf":[],"_links":{"self":[{"href":"https:\/\/www.ojanpera.net\/sv\/wp-json\/wp\/v2\/pages\/76"}],"collection":[{"href":"https:\/\/www.ojanpera.net\/sv\/wp-json\/wp\/v2\/pages"}],"about":[{"href":"https:\/\/www.ojanpera.net\/sv\/wp-json\/wp\/v2\/types\/page"}],"author":[{"embeddable":true,"href":"https:\/\/www.ojanpera.net\/sv\/wp-json\/wp\/v2\/users\/1"}],"replies":[{"embeddable":true,"href":"https:\/\/www.ojanpera.net\/sv\/wp-json\/wp\/v2\/comments?post=76"}],"version-history":[{"count":4,"href":"https:\/\/www.ojanpera.net\/sv\/wp-json\/wp\/v2\/pages\/76\/revisions"}],"predecessor-version":[{"id":81,"href":"https:\/\/www.ojanpera.net\/sv\/wp-json\/wp\/v2\/pages\/76\/revisions\/81"}],"wp:attachment":[{"href":"https:\/\/www.ojanpera.net\/sv\/wp-json\/wp\/v2\/media?parent=76"}],"curies":[{"name":"wp","href":"https:\/\/api.w.org\/{rel}","templated":true}]}}